{"id":40,"date":"2021-04-28T11:36:37","date_gmt":"2021-04-28T14:36:37","guid":{"rendered":"http:\/\/midoc.com.br\/?page_id=40"},"modified":"2021-04-28T11:36:38","modified_gmt":"2021-04-28T14:36:38","slug":"terceirizacao","status":"publish","type":"page","link":"https:\/\/midoc.com.br\/index.php\/terceirizacao\/","title":{"rendered":"Terceiriza\u00e7\u00e3o"},"content":{"rendered":"\n<h4 class=\"wp-block-heading\">BPO \u2013 TERCEIRIZA\u00c7\u00c3O NOS PROCESSOS DE GEST\u00c3O DOCUMENTAL E ORGANIZA\u00c7\u00c3O DE ARQUIVOS E DOCUMENTOS.<\/h4>\n\n\n\n<h4 class=\"wp-block-heading\">A MIDOC disponibiliza aos seus clientes o servi\u00e7o de Organiza\u00e7\u00e3o Arquiv\u00edstica.<\/h4>\n\n\n\n<p>Por meio de um conjunto de procedimentos, que tem como finalidade principal criar instrumentos de controle e monitoramento do armazenamento e tr\u00e1fego de documentos nas empresas, por interm\u00e9dio da implanta\u00e7\u00e3o de t\u00e9cnicas e metodologias de organiza\u00e7\u00e3o e gerenciamento de arquivos, conforme detalhamento do projeto. N\u00f3s cuidamos dos seus registros f\u00edsicos, dados eletr\u00f4nicos e outros ativos, que armazenamos com seguran\u00e7a em nossas instala\u00e7\u00f5es e recuperados quando necessitar. Para administrar o seu neg\u00f3cio, voc\u00ea deve gerenciar um volume e uma variedade cada vez maior de ativos e informa\u00e7\u00f5es, nossa miss\u00e3o \u00e9 dar agilidade e seguran\u00e7a nesse processo.<\/p>\n\n\n\n<p>Nossos projetos de organiza\u00e7\u00e3o podem ser realizados tanto nas suas depend\u00eancias quanto na MIDOC. Digitalizamos, elaboramos normas e procedimentos, com metodologia de arquivamento dentro das boas pr\u00e1ticas, adequando a sua necessidade ao que a norma determina para cada tipo documental. Prestamos consultoria especializada orientando o cliente na implanta\u00e7\u00e3o da tabela de Temporalidade, possibilitando assim elimina\u00e7\u00e3o de documentos que estejam com prazos de guarda vencido, sem valor hist\u00f3rico ou sem valor para seu processo de neg\u00f3cios. Ordenamos, agrupamos e digitalizamos seus documentos, readequando a armazenagem e disposi\u00e7\u00e3o f\u00edsica do seu arquivo. Seja no RH, Financeiro, Fiscal, Jur\u00eddico ou Administrativo. Seja onde sua empresa precisar! Temos uma solu\u00e7\u00e3o formatada para melhor atender.<\/p>\n\n\n\n<h4 class=\"wp-block-heading\">Principais vantagens<\/h4>\n\n\n\n<p>? Saber o porqu\u00ea de se arquivar, onde, e como faz\u00ea-lo;<br>? Melhoria da integridade do acervo de documentos;<br>? Padronizar, aperfei\u00e7oar e normatizar os processos organizacionais.<br>? Padronizar t\u00edtulos e pastas de documentos;<br>? Temporalidade para guarda de cada documento;<br>? Descarte de documentos com seguran\u00e7a, de acordo com a legisla\u00e7\u00e3o;<br>? Redu\u00e7\u00e3o do espa\u00e7o f\u00edsico, proporcionando uma utiliza\u00e7\u00e3o mais racional;<br>? Defini\u00e7\u00e3o de Normas e Procedimentos de Arquivo;<br>? Atendimento com tranquilidade, \u201cevitando correria de \u00faltima hora\u201d;<br>? Sigilo das informa\u00e7\u00f5es, seguran\u00e7a e preserva\u00e7\u00e3o dos documentos;<br>? Treinamento aos usu\u00e1rios do Sistema GED de Arquivo;<br>? Atendimento \u00e0s normas de armazenamento e rastreabilidade de informa\u00e7\u00f5es e documentos.<\/p>\n","protected":false},"excerpt":{"rendered":"<p>BPO \u2013 TERCEIRIZA\u00c7\u00c3O NOS PROCESSOS DE GEST\u00c3O DOCUMENTAL E ORGANIZA\u00c7\u00c3O DE ARQUIVOS E DOCUMENTOS. A MIDOC disponibiliza aos seus clientes o servi\u00e7o de Organiza\u00e7\u00e3o Arquiv\u00edstica. Por meio de um conjunto de procedimentos, que tem como finalidade principal criar instrumentos de controle e monitoramento do armazenamento e tr\u00e1fego de documentos nas empresas, por interm\u00e9dio da implanta\u00e7\u00e3o de t\u00e9cnicas e metodologias de organiza\u00e7\u00e3o e gerenciamento de arquivos, conforme detalhamento do projeto. N\u00f3s cuidamos dos seus registros f\u00edsicos, dados eletr\u00f4nicos e outros ativos, que armazenamos com seguran\u00e7a em nossas instala\u00e7\u00f5es e recuperados quando necessitar. Para administrar o seu neg\u00f3cio, voc\u00ea deve gerenciar um volume e uma variedade cada vez maior de ativos e informa\u00e7\u00f5es, nossa miss\u00e3o \u00e9 dar agilidade e seguran\u00e7a nesse processo. Nossos projetos de organiza\u00e7\u00e3o podem ser realizados tanto nas suas depend\u00eancias quanto na MIDOC. Digitalizamos, elaboramos normas e procedimentos, com metodologia de arquivamento dentro das boas pr\u00e1ticas, adequando a sua&hellip;<\/p>\n<p> <a class=\"more-link\" href=\"https:\/\/midoc.com.br\/index.php\/terceirizacao\/\">Read more<\/a><\/p>\n","protected":false},"author":1,"featured_media":0,"parent":0,"menu_order":0,"comment_status":"closed","ping_status":"closed","template":"","meta":{"footnotes":""},"class_list":["post-40","page","type-page","status-publish"],"_links":{"self":[{"href":"https:\/\/midoc.com.br\/index.php\/wp-json\/wp\/v2\/pages\/40"}],"collection":[{"href":"https:\/\/midoc.com.br\/index.php\/wp-json\/wp\/v2\/pages"}],"about":[{"href":"https:\/\/midoc.com.br\/index.php\/wp-json\/wp\/v2\/types\/page"}],"author":[{"embeddable":true,"href":"https:\/\/midoc.com.br\/index.php\/wp-json\/wp\/v2\/users\/1"}],"replies":[{"embeddable":true,"href":"https:\/\/midoc.com.br\/index.php\/wp-json\/wp\/v2\/comments?post=40"}],"version-history":[{"count":1,"href":"https:\/\/midoc.com.br\/index.php\/wp-json\/wp\/v2\/pages\/40\/revisions"}],"predecessor-version":[{"id":41,"href":"https:\/\/midoc.com.br\/index.php\/wp-json\/wp\/v2\/pages\/40\/revisions\/41"}],"wp:attachment":[{"href":"https:\/\/midoc.com.br\/index.php\/wp-json\/wp\/v2\/media?parent=40"}],"curies":[{"name":"wp","href":"https:\/\/api.w.org\/{rel}","templated":true}]}}