{"id":38,"date":"2021-04-28T11:35:03","date_gmt":"2021-04-28T14:35:03","guid":{"rendered":"http:\/\/midoc.com.br\/?page_id=38"},"modified":"2021-04-28T11:35:04","modified_gmt":"2021-04-28T14:35:04","slug":"logistica","status":"publish","type":"page","link":"https:\/\/midoc.com.br\/index.php\/logistica\/","title":{"rendered":"Log\u00edstica"},"content":{"rendered":"\n<h4 class=\"wp-block-heading\">LOG\u00cdSTICA PARA MUDAN\u00c7A DE ARQUIVO E CENTRO DE DOCUMENTA\u00c7\u00c3O | CEDOC<\/h4>\n\n\n\n<h4 class=\"wp-block-heading\">Fa\u00e7a o planejamento da movimenta\u00e7\u00e3o dos seus documentos de forma efici\u00eante.<\/h4>\n\n\n\n<p>Log\u00edstica na transfer\u00eancia de Acervos \u00e9 uma opera\u00e7\u00e3o integrada que cuida da transfer\u00eancia de todos os ativos do seu neg\u00f3cio, desde a retirada at\u00e9 a acomoda\u00e7\u00e3o de forma racionalizada, s\u00e3o os processos da cadeia de log\u00edstica que planejam, estruturam e controlam, de forma eficiente e eficaz, o fluxo de armazenamento dos bens e da informa\u00e7\u00e3o relacionada, desde o ponto de origem at\u00e9 o ponto de destino, para satisfazer o projeto que voc\u00ea aprovou.<\/p>\n\n\n\n<p>Planejamento \u00e9 onde se inicia o processo de log\u00edstica, fundamental para que tudo funcione de forma correta no transporte, acondicionamento e realoca\u00e7\u00e3o da documenta\u00e7\u00e3o armazenada em caixas, estanterias, arm\u00e1rios etc., para executar a transfer\u00eancia do seu Arquivo e Centro de Documenta\u00e7\u00e3o | CEDOC, para um novo espa\u00e7o f\u00edsico, ou simplesmente guardamos em nosso CEDOC enquanto voc\u00ea promove obras de melhorias no seu.<\/p>\n","protected":false},"excerpt":{"rendered":"<p>LOG\u00cdSTICA PARA MUDAN\u00c7A DE ARQUIVO E CENTRO DE DOCUMENTA\u00c7\u00c3O | CEDOC Fa\u00e7a o planejamento da movimenta\u00e7\u00e3o dos seus documentos de forma efici\u00eante. Log\u00edstica na transfer\u00eancia de Acervos \u00e9 uma opera\u00e7\u00e3o integrada que cuida da transfer\u00eancia de todos os ativos do seu neg\u00f3cio, desde a retirada at\u00e9 a acomoda\u00e7\u00e3o de forma racionalizada, s\u00e3o os processos da cadeia de log\u00edstica que planejam, estruturam e controlam, de forma eficiente e eficaz, o fluxo de armazenamento dos bens e da informa\u00e7\u00e3o relacionada, desde o ponto de origem at\u00e9 o ponto de destino, para satisfazer o projeto que voc\u00ea aprovou. Planejamento \u00e9 onde se inicia o processo de log\u00edstica, fundamental para que tudo funcione de forma correta no transporte, acondicionamento e realoca\u00e7\u00e3o da documenta\u00e7\u00e3o armazenada em caixas, estanterias, arm\u00e1rios etc., para executar a transfer\u00eancia do seu Arquivo e Centro de Documenta\u00e7\u00e3o | CEDOC, para um novo espa\u00e7o f\u00edsico, ou simplesmente guardamos em nosso CEDOC enquanto&hellip;<\/p>\n<p> <a class=\"more-link\" href=\"https:\/\/midoc.com.br\/index.php\/logistica\/\">Read more<\/a><\/p>\n","protected":false},"author":1,"featured_media":0,"parent":0,"menu_order":0,"comment_status":"closed","ping_status":"closed","template":"","meta":{"footnotes":""},"class_list":["post-38","page","type-page","status-publish"],"_links":{"self":[{"href":"https:\/\/midoc.com.br\/index.php\/wp-json\/wp\/v2\/pages\/38"}],"collection":[{"href":"https:\/\/midoc.com.br\/index.php\/wp-json\/wp\/v2\/pages"}],"about":[{"href":"https:\/\/midoc.com.br\/index.php\/wp-json\/wp\/v2\/types\/page"}],"author":[{"embeddable":true,"href":"https:\/\/midoc.com.br\/index.php\/wp-json\/wp\/v2\/users\/1"}],"replies":[{"embeddable":true,"href":"https:\/\/midoc.com.br\/index.php\/wp-json\/wp\/v2\/comments?post=38"}],"version-history":[{"count":1,"href":"https:\/\/midoc.com.br\/index.php\/wp-json\/wp\/v2\/pages\/38\/revisions"}],"predecessor-version":[{"id":39,"href":"https:\/\/midoc.com.br\/index.php\/wp-json\/wp\/v2\/pages\/38\/revisions\/39"}],"wp:attachment":[{"href":"https:\/\/midoc.com.br\/index.php\/wp-json\/wp\/v2\/media?parent=38"}],"curies":[{"name":"wp","href":"https:\/\/api.w.org\/{rel}","templated":true}]}}