{"id":33,"date":"2021-04-28T11:32:05","date_gmt":"2021-04-28T14:32:05","guid":{"rendered":"http:\/\/midoc.com.br\/?page_id=33"},"modified":"2021-04-28T11:37:12","modified_gmt":"2021-04-28T14:37:12","slug":"gestao-eletronica-de-documentos","status":"publish","type":"page","link":"https:\/\/midoc.com.br\/index.php\/gestao-eletronica-de-documentos\/","title":{"rendered":"Gest\u00e3o eletr\u00f4nica"},"content":{"rendered":"\n<h4 class=\"wp-block-heading\">Gest\u00e3o Eletr\u00f3nica de Documentos (GED)<\/h4>\n\n\n\n<h4 class=\"wp-block-heading\">Temos um grande armaz\u00e9m para gerenciar os seus arquivos de maneira r\u00e1pida e eficiente!<\/h4>\n\n\n\n<p>A MIDOC disponibiliza aos seus clientes essa tecnologia que prov\u00ea um meio de facilmente gerar, controlar, armazenar, compartilhar e recuperar informa\u00e7\u00f5es existentes em documentos.<\/p>\n\n\n\n<p>O sistema GED permite ao usu\u00e1rio acessar documentos de forma \u00e1gil e segura, podendo ser acessada interna ou externamente com login pessoal, sendo esta \u00faltima forma mais presente nos dias de hoje. A capacidade de gerenciar documentos \u00e9 uma ferramenta indispens\u00e1vel para a Gest\u00e3o do conhecimento.<\/p>\n\n\n\n<p>Qualquer tipo de empresa, pequena, m\u00e9dia ou grande, pode usar o GED, entre: escolas; empresas de advocacia; hospitais; administradoras de condom\u00ednios; empresas de recrutamento; escrit\u00f3rios de arquitetura, design e engenharia; assessorias de imprensa e de comunica\u00e7\u00e3o; e consultorias. Nas m\u00e9dias e grandes empresas, o GED poder\u00e1 ser aplicado para setores espec\u00edficos (RH, Treinamento, Contabilidade, Marketing, Inform\u00e1tica). Este servi\u00e7o avalia as necessidades espec\u00edficas do cliente e oferece um sistema personalizado, o que possibilita a implanta\u00e7\u00e3o gradativa do Gerenciamento Eletr\u00f4nico de Documentos.<\/p>\n\n\n\n<p>Como voc\u00ea pode ver, a GED \u00e9 um m\u00e9todo vantajoso de organiza\u00e7\u00e3o de documentos. Sua implementa\u00e7\u00e3o traz benef\u00edcios potenciais duradouros \u00e0 empresa, como a facilidade de coleta e repasse de dados, alta disponibilidade das informa\u00e7\u00f5es, menor depend\u00eancia de manuten\u00e7\u00e3o de arquivos por parte dos funcion\u00e1rios e menor risco contra roubos e danos, al\u00e9m da redu\u00e7\u00e3o do uso de espa\u00e7o f\u00edsico, todas essas vantagens ocasionam na redu\u00e7\u00e3o de custos.<\/p>\n","protected":false},"excerpt":{"rendered":"<p>Gest\u00e3o Eletr\u00f3nica de Documentos (GED) Temos um grande armaz\u00e9m para gerenciar os seus arquivos de maneira r\u00e1pida e eficiente! A MIDOC disponibiliza aos seus clientes essa tecnologia que prov\u00ea um meio de facilmente gerar, controlar, armazenar, compartilhar e recuperar informa\u00e7\u00f5es existentes em documentos. O sistema GED permite ao usu\u00e1rio acessar documentos de forma \u00e1gil e segura, podendo ser acessada interna ou externamente com login pessoal, sendo esta \u00faltima forma mais presente nos dias de hoje. A capacidade de gerenciar documentos \u00e9 uma ferramenta indispens\u00e1vel para a Gest\u00e3o do conhecimento. Qualquer tipo de empresa, pequena, m\u00e9dia ou grande, pode usar o GED, entre: escolas; empresas de advocacia; hospitais; administradoras de condom\u00ednios; empresas de recrutamento; escrit\u00f3rios de arquitetura, design e engenharia; assessorias de imprensa e de comunica\u00e7\u00e3o; e consultorias. Nas m\u00e9dias e grandes empresas, o GED poder\u00e1 ser aplicado para setores espec\u00edficos (RH, Treinamento, Contabilidade, Marketing, Inform\u00e1tica). Este servi\u00e7o avalia as necessidades&hellip;<\/p>\n<p> <a class=\"more-link\" href=\"https:\/\/midoc.com.br\/index.php\/gestao-eletronica-de-documentos\/\">Read more<\/a><\/p>\n","protected":false},"author":1,"featured_media":0,"parent":0,"menu_order":0,"comment_status":"closed","ping_status":"closed","template":"","meta":{"footnotes":""},"class_list":["post-33","page","type-page","status-publish"],"_links":{"self":[{"href":"https:\/\/midoc.com.br\/index.php\/wp-json\/wp\/v2\/pages\/33"}],"collection":[{"href":"https:\/\/midoc.com.br\/index.php\/wp-json\/wp\/v2\/pages"}],"about":[{"href":"https:\/\/midoc.com.br\/index.php\/wp-json\/wp\/v2\/types\/page"}],"author":[{"embeddable":true,"href":"https:\/\/midoc.com.br\/index.php\/wp-json\/wp\/v2\/users\/1"}],"replies":[{"embeddable":true,"href":"https:\/\/midoc.com.br\/index.php\/wp-json\/wp\/v2\/comments?post=33"}],"version-history":[{"count":3,"href":"https:\/\/midoc.com.br\/index.php\/wp-json\/wp\/v2\/pages\/33\/revisions"}],"predecessor-version":[{"id":42,"href":"https:\/\/midoc.com.br\/index.php\/wp-json\/wp\/v2\/pages\/33\/revisions\/42"}],"wp:attachment":[{"href":"https:\/\/midoc.com.br\/index.php\/wp-json\/wp\/v2\/media?parent=33"}],"curies":[{"name":"wp","href":"https:\/\/api.w.org\/{rel}","templated":true}]}}