{"id":28,"date":"2021-04-28T11:24:59","date_gmt":"2021-04-28T14:24:59","guid":{"rendered":"http:\/\/midoc.com.br\/?page_id=28"},"modified":"2021-04-28T11:31:41","modified_gmt":"2021-04-28T14:31:41","slug":"digitalizacao-de-documentos","status":"publish","type":"page","link":"https:\/\/midoc.com.br\/index.php\/digitalizacao-de-documentos\/","title":{"rendered":"Digitaliza\u00e7\u00e3o"},"content":{"rendered":"\n<h4 class=\"wp-block-heading\">DIGITALIZA\u00c7\u00c3O DE DOCUMENTOS<\/h4>\n\n\n\n<h4 class=\"wp-block-heading\">Deixe seu neg\u00f3cio mais eficiente reduzindo o espa\u00e7o fisico e agilizando a consulta de seus documentos.<\/h4>\n\n\n\n<p>Digitaliza\u00e7\u00e3o \u00e9 o processo de convers\u00e3o de um documento f\u00edsico (papel) para um formato eletr\u00f4nico reconhecido pelo computador. Este processo dinamiza o acesso e a dissemina\u00e7\u00e3o das informa\u00e7\u00f5es entre os usu\u00e1rios, com visualiza\u00e7\u00e3o instant\u00e2nea de imagens e documentos. A MIDOC converte documentos em arquivos digitais, sendo essa a forma mais compacta e segura de preservar suas informa\u00e7\u00f5es. O armazenamento em nossos servidores fica dispon\u00edvel para acesso via internet atrav\u00e9s do Sistema de GED ou caso prefira, centraliza suas informa\u00e7\u00f5es em um reposit\u00f3rio eletr\u00f4nico pr\u00f3prio. A MIDOC tamb\u00e9m converte o conte\u00fado de microfilmes, microfichas, fotografias e muito mais, em arquivos digitais que podem ser custodiados em nossos servidores e disponibilizados para acesso via internet, facilitando sua consulta e visualiza\u00e7\u00e3o ou ainda gravados em m\u00eddia digital.<\/p>\n\n\n\n<h4 class=\"wp-block-heading\">MICROFILMAGEM<\/h4>\n\n\n\n<h4 class=\"wp-block-heading\">Preservando de forma legal o seu acervo.<\/h4>\n\n\n\n<p>A MIDOC presta servi\u00e7os de armazenamento e preserva\u00e7\u00e3o de informa\u00e7\u00f5es, atrav\u00e9s da capta\u00e7\u00e3o das imagens dos documentos por processo fotogr\u00e1fico. A solu\u00e7\u00e3o de Microfilmagem possui amparo legal (Lei n\u00b0 5.433, de 8 de maio de 1968. Decreto n\u00b0 1.799, de 30 de janeiro de 1996), e permite a elimina\u00e7\u00e3o do documento f\u00edsico. Esse processo exige equipamentos espec\u00edficos para sua execu\u00e7\u00e3o e estamos preparados para lhe oferecer o melhor em conserva\u00e7\u00e3o e recupera\u00e7\u00e3o da informa\u00e7\u00e3o, al\u00e9m da economia de espa\u00e7o para sua empresa. Esse processo evita a deteriora\u00e7\u00e3o de seus documentos e o risco de perda, evita a falsifica\u00e7\u00e3o, s\u00e3o imagens de alta qualidade e sendo acondicionadas da forma correta, como estabelecem as normas ISO e ANSI, tem a garantia de durabilidade de aproximadamente 500 anos, entre outras vantagens.<\/p>\n","protected":false},"excerpt":{"rendered":"<p>DIGITALIZA\u00c7\u00c3O DE DOCUMENTOS Deixe seu neg\u00f3cio mais eficiente reduzindo o espa\u00e7o fisico e agilizando a consulta de seus documentos. Digitaliza\u00e7\u00e3o \u00e9 o processo de convers\u00e3o de um documento f\u00edsico (papel) para um formato eletr\u00f4nico reconhecido pelo computador. Este processo dinamiza o acesso e a dissemina\u00e7\u00e3o das informa\u00e7\u00f5es entre os usu\u00e1rios, com visualiza\u00e7\u00e3o instant\u00e2nea de imagens e documentos. A MIDOC converte documentos em arquivos digitais, sendo essa a forma mais compacta e segura de preservar suas informa\u00e7\u00f5es. O armazenamento em nossos servidores fica dispon\u00edvel para acesso via internet atrav\u00e9s do Sistema de GED ou caso prefira, centraliza suas informa\u00e7\u00f5es em um reposit\u00f3rio eletr\u00f4nico pr\u00f3prio. A MIDOC tamb\u00e9m converte o conte\u00fado de microfilmes, microfichas, fotografias e muito mais, em arquivos digitais que podem ser custodiados em nossos servidores e disponibilizados para acesso via internet, facilitando sua consulta e visualiza\u00e7\u00e3o ou ainda gravados em m\u00eddia digital. MICROFILMAGEM Preservando de forma legal o seu&hellip;<\/p>\n<p> <a class=\"more-link\" href=\"https:\/\/midoc.com.br\/index.php\/digitalizacao-de-documentos\/\">Read more<\/a><\/p>\n","protected":false},"author":1,"featured_media":0,"parent":0,"menu_order":0,"comment_status":"closed","ping_status":"closed","template":"","meta":{"footnotes":""},"class_list":["post-28","page","type-page","status-publish"],"_links":{"self":[{"href":"https:\/\/midoc.com.br\/index.php\/wp-json\/wp\/v2\/pages\/28"}],"collection":[{"href":"https:\/\/midoc.com.br\/index.php\/wp-json\/wp\/v2\/pages"}],"about":[{"href":"https:\/\/midoc.com.br\/index.php\/wp-json\/wp\/v2\/types\/page"}],"author":[{"embeddable":true,"href":"https:\/\/midoc.com.br\/index.php\/wp-json\/wp\/v2\/users\/1"}],"replies":[{"embeddable":true,"href":"https:\/\/midoc.com.br\/index.php\/wp-json\/wp\/v2\/comments?post=28"}],"version-history":[{"count":2,"href":"https:\/\/midoc.com.br\/index.php\/wp-json\/wp\/v2\/pages\/28\/revisions"}],"predecessor-version":[{"id":32,"href":"https:\/\/midoc.com.br\/index.php\/wp-json\/wp\/v2\/pages\/28\/revisions\/32"}],"wp:attachment":[{"href":"https:\/\/midoc.com.br\/index.php\/wp-json\/wp\/v2\/media?parent=28"}],"curies":[{"name":"wp","href":"https:\/\/api.w.org\/{rel}","templated":true}]}}