{"id":22,"date":"2021-04-27T20:50:27","date_gmt":"2021-04-27T23:50:27","guid":{"rendered":"http:\/\/midoc.com.br\/?page_id=22"},"modified":"2021-04-27T20:50:28","modified_gmt":"2021-04-27T23:50:28","slug":"guarda-de-documentos","status":"publish","type":"page","link":"https:\/\/midoc.com.br\/index.php\/guarda-de-documentos\/","title":{"rendered":"Guarda de Documentos"},"content":{"rendered":"\n<h4 class=\"wp-block-heading\">A MiDOC oferece servi\u00e7o com infraestrutura segura e tecnologicamente preparada para armazenar documentos de sua empresa, sejam eles f\u00edsicos ou digitais.<\/h4>\n\n\n\n<p>A MIDOC faz a Gest\u00e3o de seu Acervo com experi\u00eancia e know-how. Garantimos a qualidade e seguran\u00e7a do seu patrim\u00f4nio documental. Os documentos custodiados por nossa empresa s\u00e3o devidamente tratados e armazenados em caixas identificadas por c\u00f3digos de barras, cadastradas em nosso sistema de gest\u00e3o de documentos. Para maior facilidade essas informa\u00e7\u00f5es s\u00e3o disponibilizadas em nosso portal e consultadas via internet.<\/p>\n\n\n\n<h4 class=\"wp-block-heading\">Guarda controlada pelo Cliente.<\/h4>\n\n\n\n<p>O cliente \u00e9 quem controla as atividades e informa\u00e7\u00f5es dos documentos na caixa. A MIDOC envia as caixas, etiquetas de identifica\u00e7\u00e3o e lacres. No site na \u00e1rea do cliente ele faz o login, acessa o sistema GED, cadastra o conte\u00fado das caixas, lacra e as envia de volta a MIDOC, que realizar\u00e1 a guarda. Diante da necessidade de algum documento, o cliente solicita a caixa atrav\u00e9s de O.S. (Ordem de Servi\u00e7o) emitida no site\/GED. Nessa modalidade de guarda, o cliente implanta e gerencia todo o processo de guarda e tem acesso a diversos relat\u00f3rios.<\/p>\n\n\n\n<h4 class=\"wp-block-heading\">Guarda controlada pela MiDOC.<\/h4>\n\n\n\n<p>Quem controla o conte\u00fado das caixas \u00e9 a MIDOC, disponibilizando para sua empresa um completo Centro de Documenta\u00e7\u00e3o | CEDOC gerenciado por uma equipe de especialistas na \u00e1rea de Gest\u00e3o de Documentos e Arquivos, com investimento que cabe no or\u00e7amento da empresa. Ao recepcionar os documentos, cada caixa recebe uma etiqueta de identifica\u00e7\u00e3o com um c\u00f3digo de barras, passa por um leitor, que informar\u00e1 ao sistema em que posi\u00e7\u00e3o se encontra dentro do nosso Storage. Diante da necessidade de algum documento, o cliente o solicita por meio de uma O.S. (Ordem de Servi\u00e7o) emitida no site\/GED. Nessa modalidade, o cliente pode escolher entre a guarda gerenciada com digitaliza\u00e7\u00e3o e a guarda gerenciada sem digitaliza\u00e7\u00e3o, ou ainda uma aplica\u00e7\u00e3o h\u00edbrida baseada em regras pr\u00e9-estabelecidas. Por meio do site\/GED, o cliente acompanha desde o recebimento do documento at\u00e9 o seu efetivo armazenamento. Ao solicitar uma entrega o cliente receber\u00e1 o documento e n\u00e3o a caixa<\/p>\n","protected":false},"excerpt":{"rendered":"<p>A MiDOC oferece servi\u00e7o com infraestrutura segura e tecnologicamente preparada para armazenar documentos de sua empresa, sejam eles f\u00edsicos ou digitais. A MIDOC faz a Gest\u00e3o de seu Acervo com experi\u00eancia e know-how. Garantimos a qualidade e seguran\u00e7a do seu patrim\u00f4nio documental. Os documentos custodiados por nossa empresa s\u00e3o devidamente tratados e armazenados em caixas identificadas por c\u00f3digos de barras, cadastradas em nosso sistema de gest\u00e3o de documentos. Para maior facilidade essas informa\u00e7\u00f5es s\u00e3o disponibilizadas em nosso portal e consultadas via internet. Guarda controlada pelo Cliente. O cliente \u00e9 quem controla as atividades e informa\u00e7\u00f5es dos documentos na caixa. A MIDOC envia as caixas, etiquetas de identifica\u00e7\u00e3o e lacres. No site na \u00e1rea do cliente ele faz o login, acessa o sistema GED, cadastra o conte\u00fado das caixas, lacra e as envia de volta a MIDOC, que realizar\u00e1 a guarda. Diante da necessidade de algum documento, o cliente solicita a&hellip;<\/p>\n<p> <a class=\"more-link\" href=\"https:\/\/midoc.com.br\/index.php\/guarda-de-documentos\/\">Read more<\/a><\/p>\n","protected":false},"author":1,"featured_media":0,"parent":0,"menu_order":0,"comment_status":"closed","ping_status":"closed","template":"","meta":{"footnotes":""},"class_list":["post-22","page","type-page","status-publish"],"_links":{"self":[{"href":"https:\/\/midoc.com.br\/index.php\/wp-json\/wp\/v2\/pages\/22"}],"collection":[{"href":"https:\/\/midoc.com.br\/index.php\/wp-json\/wp\/v2\/pages"}],"about":[{"href":"https:\/\/midoc.com.br\/index.php\/wp-json\/wp\/v2\/types\/page"}],"author":[{"embeddable":true,"href":"https:\/\/midoc.com.br\/index.php\/wp-json\/wp\/v2\/users\/1"}],"replies":[{"embeddable":true,"href":"https:\/\/midoc.com.br\/index.php\/wp-json\/wp\/v2\/comments?post=22"}],"version-history":[{"count":1,"href":"https:\/\/midoc.com.br\/index.php\/wp-json\/wp\/v2\/pages\/22\/revisions"}],"predecessor-version":[{"id":23,"href":"https:\/\/midoc.com.br\/index.php\/wp-json\/wp\/v2\/pages\/22\/revisions\/23"}],"wp:attachment":[{"href":"https:\/\/midoc.com.br\/index.php\/wp-json\/wp\/v2\/media?parent=22"}],"curies":[{"name":"wp","href":"https:\/\/api.w.org\/{rel}","templated":true}]}}