{"id":2,"date":"2021-04-23T17:14:54","date_gmt":"2021-04-23T20:14:54","guid":{"rendered":"http:\/\/midoc.com.br\/?page_id=2"},"modified":"2021-05-20T10:27:43","modified_gmt":"2021-05-20T13:27:43","slug":"pagina-exemplo","status":"publish","type":"page","link":"https:\/\/midoc.com.br\/index.php\/pagina-exemplo\/","title":{"rendered":"Armazenamento"},"content":{"rendered":"\n<p>A MIDOC Gest\u00e3o de Acervos possui experi\u00eancia e know-how para administrar com qualidade e seguran\u00e7a o seu patrim\u00f4nio documental. Os documentos custodiados por nossa empresa s\u00e3o devidamente tratados e armazenados em caixas identificadas por c\u00f3digos de barras, cadastradas em nosso sistema de gest\u00e3o de documentos.<\/p>\n\n\n\n<p>Nossas depend\u00eancias<\/p>\n\n\n\n<p>O edif\u00edcio \u00e9 constru\u00eddo com toda estrutura necess\u00e1ria para atendimento as normas, possuindo:<\/p>\n\n\n\n<ul class=\"wp-block-list\"><li>Sistema de detec\u00e7\u00e3o de fuma\u00e7a monitorado por painel;<\/li><li>Sistema de combate a inc\u00eandios, com hidrantes e extintores, registro de manuten\u00e7\u00e3o e inspe\u00e7\u00f5es peri\u00f3dicas;<\/li><li>Hidrantes dotados de mangueiras, atendendo toda a \u00e1rea do dep\u00f3sito;<\/li><li>Alarmes de inc\u00eandio conectados com o Corpo de Bombeiros e a Pol\u00edcia Militar;<\/li><li>Sistema de para-raios;<\/li><li>Gerador de energia de emerg\u00eancia, para acionamento das bombas de combate \u00e0 inc\u00eandios e ilumina\u00e7\u00e3o de emerg\u00eancia;<\/li><li>Instala\u00e7\u00f5es el\u00e9tricas adequadas e isoladas;<\/li><li>Instala\u00e7\u00f5es est\u00e3o protegidas por vigil\u00e2ncia, 24 horas do dia, sete dias da semana;<\/li><li>Sistema de controle de acesso aos locais de armazenamento, \u00e9 feito atrav\u00e9s de programa\u00e7\u00e3o com assinatura digital, c\u00e2meras, sensores e grava\u00e7\u00f5es, evitando circula\u00e7\u00e3o de pessoas n\u00e3o autorizadas.<\/li><li>Piso constru\u00eddo em concreto polido, suportando estantes com 6m de altura e cargas de 2.000 Kg\/m\u00b2.<\/li><li>Espa\u00e7o \u00e9 acess\u00edvel aos caminh\u00f5es atrav\u00e9s do cais coberto. Dotado de estantes ao longo das paredes.<\/li><li>Sala de triagem, \u00e1rea arejada e iluminada possui comunica\u00e7\u00e3o direta com a recep\u00e7\u00e3o dos documentos e com a sala de elimin\u00e1veis. Est\u00e1 dotada de grandes mesas de trabalho assim como arm\u00e1rios e estantes.<\/li><li>Sala de elimin\u00e1veis, tem acesso sobre o cais de carga e descarga e \u00e0 sala de triagem.<\/li><li>A sala desinfec\u00e7\u00e3o dos documentos contaminados pelos insetos e mofo fica pr\u00f3xima da sala de recep\u00e7\u00e3o das remessas. Assim reduzindo a movimenta\u00e7\u00e3o pelo storage.<\/li><li>Sala de Digitaliza\u00e7\u00e3o; Sala de encaderna\u00e7\u00e3o e Laborat\u00f3rio de restauro; Oficina para embalagem, marcenaria etc. (Armaz\u00e9m de apoio); Hall de entrada com recep\u00e7\u00e3o e sala de servi\u00e7os ao cliente, composta de Wi-Fi, computador, impressora, mesa de trabalho, ar condicionado e estantes para acomoda\u00e7\u00e3o do acervo.<\/li><\/ul>\n","protected":false},"excerpt":{"rendered":"<p>A MIDOC Gest\u00e3o de Acervos possui experi\u00eancia e know-how para administrar com qualidade e seguran\u00e7a o seu patrim\u00f4nio documental. Os documentos custodiados por nossa empresa s\u00e3o devidamente tratados e armazenados em caixas identificadas por c\u00f3digos de barras, cadastradas em nosso sistema de gest\u00e3o de documentos. Nossas depend\u00eancias O edif\u00edcio \u00e9 constru\u00eddo com toda estrutura necess\u00e1ria para atendimento as normas, possuindo: Sistema de detec\u00e7\u00e3o de fuma\u00e7a monitorado por painel; Sistema de combate a inc\u00eandios, com hidrantes e extintores, registro de manuten\u00e7\u00e3o e inspe\u00e7\u00f5es peri\u00f3dicas; Hidrantes dotados de mangueiras, atendendo toda a \u00e1rea do dep\u00f3sito; Alarmes de inc\u00eandio conectados com o Corpo de Bombeiros e a Pol\u00edcia Militar; Sistema de para-raios; Gerador de energia de emerg\u00eancia, para acionamento das bombas de combate \u00e0 inc\u00eandios e ilumina\u00e7\u00e3o de emerg\u00eancia; Instala\u00e7\u00f5es el\u00e9tricas adequadas e isoladas; Instala\u00e7\u00f5es est\u00e3o protegidas por vigil\u00e2ncia, 24 horas do dia, sete dias da semana; Sistema de controle de acesso aos&hellip;<\/p>\n<p> <a class=\"more-link\" href=\"https:\/\/midoc.com.br\/index.php\/pagina-exemplo\/\">Read more<\/a><\/p>\n","protected":false},"author":1,"featured_media":0,"parent":0,"menu_order":0,"comment_status":"closed","ping_status":"open","template":"","meta":{"footnotes":""},"class_list":["post-2","page","type-page","status-publish"],"_links":{"self":[{"href":"https:\/\/midoc.com.br\/index.php\/wp-json\/wp\/v2\/pages\/2"}],"collection":[{"href":"https:\/\/midoc.com.br\/index.php\/wp-json\/wp\/v2\/pages"}],"about":[{"href":"https:\/\/midoc.com.br\/index.php\/wp-json\/wp\/v2\/types\/page"}],"author":[{"embeddable":true,"href":"https:\/\/midoc.com.br\/index.php\/wp-json\/wp\/v2\/users\/1"}],"replies":[{"embeddable":true,"href":"https:\/\/midoc.com.br\/index.php\/wp-json\/wp\/v2\/comments?post=2"}],"version-history":[{"count":8,"href":"https:\/\/midoc.com.br\/index.php\/wp-json\/wp\/v2\/pages\/2\/revisions"}],"predecessor-version":[{"id":339,"href":"https:\/\/midoc.com.br\/index.php\/wp-json\/wp\/v2\/pages\/2\/revisions\/339"}],"wp:attachment":[{"href":"https:\/\/midoc.com.br\/index.php\/wp-json\/wp\/v2\/media?parent=2"}],"curies":[{"name":"wp","href":"https:\/\/api.w.org\/{rel}","templated":true}]}}